{"id":61,"date":"2018-01-22T17:08:54","date_gmt":"2018-01-22T16:08:54","guid":{"rendered":"http:\/\/www.plcprog.hu\/plc\/?page_id=61"},"modified":"2018-01-22T17:11:32","modified_gmt":"2018-01-22T16:11:32","slug":"plc-futar-szolgaltatas","status":"publish","type":"page","link":"https:\/\/www.plcprog.hu\/plc\/plc-futar-szolgaltatas\/","title":{"rendered":"PLC fut\u00e1r szolg\u00e1ltat\u00e1s"},"content":{"rendered":"<p>Egyedi szolg\u00e1ltat\u00e1s. PLC fut\u00e1r szolg\u00e1lat.<\/p>\n<p>P\u00e1lyafut\u00e1som sor\u00e1n t\u00f6bbsz\u00f6r tal\u00e1lkoztam a jelens\u00e9ggel, hogy t\u00f6nkrement egy PLC modul, esetleg egy \u00fatm\u00e9r\u0151, amit m\u00e1r nem gy\u00e1rtanak, beszerezni szinte lehetetlen, \u00e9s rendk\u00edv\u00fcl rizik\u00f3s, sok esetben csak fel\u00faj\u00edtott alkatr\u00e9sz k\u00fclf\u00f6ldi beszerz\u00e9se lehets\u00e9ges.<\/p>\n<p>Ilyen esetben a gyors reag\u00e1l\u00e1s \u00e9s a megb\u00edzhat\u00f3 forr\u00e1s elengedhetetlen. Amennyiben \u00d6n is tapasztalt m\u00e1r hasonl\u00f3t, akkor tudja mekkora a nyom\u00e1s ilyenkor az emberen.<\/p>\n<p>Keressen fel b\u00e1tran \u00e9s seg\u00edtek elker\u00fclni az ilyen kellemetlen helyzetet.<\/p>\n<p>Alkatr\u00e9sz ell\u00e1t\u00e1s, m\u00e1r nem gy\u00e1rtott kifutott term\u00e9kek eset\u00e9n is, illetve t\u00e1mogat\u00e1s az elromlott alkatr\u00e9szek jav\u00edt\u00e1s\u00e1ban is.<\/p>\n<p>&nbsp;<\/p>\n","protected":false},"excerpt":{"rendered":"<p>Egyedi szolg\u00e1ltat\u00e1s. PLC fut\u00e1r szolg\u00e1lat. P\u00e1lyafut\u00e1som sor\u00e1n t\u00f6bbsz\u00f6r tal\u00e1lkoztam a jelens\u00e9ggel, hogy t\u00f6nkrement egy PLC modul, esetleg egy \u00fatm\u00e9r\u0151, amit m\u00e1r nem gy\u00e1rtanak, beszerezni szinte lehetetlen, \u00e9s rendk\u00edv\u00fcl rizik\u00f3s, sok esetben csak fel\u00faj\u00edtott alkatr\u00e9sz k\u00fclf\u00f6ldi beszerz\u00e9se lehets\u00e9ges. Ilyen esetben a gyors reag\u00e1l\u00e1s \u00e9s a megb\u00edzhat\u00f3 forr\u00e1s elengedhetetlen. Amennyiben \u00d6n is tapasztalt m\u00e1r hasonl\u00f3t, akkor tudja &#8230; <a title=\"PLC fut\u00e1r szolg\u00e1ltat\u00e1s\" class=\"read-more\" href=\"https:\/\/www.plcprog.hu\/plc\/plc-futar-szolgaltatas\/\" aria-label=\"Read more about PLC fut\u00e1r szolg\u00e1ltat\u00e1s\">Olvass tov\u00e1bb<\/a><\/p>\n","protected":false},"author":1,"featured_media":0,"parent":0,"menu_order":0,"comment_status":"closed","ping_status":"closed","template":"","meta":{"footnotes":""},"class_list":["post-61","page","type-page","status-publish"],"_links":{"self":[{"href":"https:\/\/www.plcprog.hu\/plc\/wp-json\/wp\/v2\/pages\/61","targetHints":{"allow":["GET"]}}],"collection":[{"href":"https:\/\/www.plcprog.hu\/plc\/wp-json\/wp\/v2\/pages"}],"about":[{"href":"https:\/\/www.plcprog.hu\/plc\/wp-json\/wp\/v2\/types\/page"}],"author":[{"embeddable":true,"href":"https:\/\/www.plcprog.hu\/plc\/wp-json\/wp\/v2\/users\/1"}],"replies":[{"embeddable":true,"href":"https:\/\/www.plcprog.hu\/plc\/wp-json\/wp\/v2\/comments?post=61"}],"version-history":[{"count":2,"href":"https:\/\/www.plcprog.hu\/plc\/wp-json\/wp\/v2\/pages\/61\/revisions"}],"predecessor-version":[{"id":64,"href":"https:\/\/www.plcprog.hu\/plc\/wp-json\/wp\/v2\/pages\/61\/revisions\/64"}],"wp:attachment":[{"href":"https:\/\/www.plcprog.hu\/plc\/wp-json\/wp\/v2\/media?parent=61"}],"curies":[{"name":"wp","href":"https:\/\/api.w.org\/{rel}","templated":true}]}}