{"id":59,"date":"2018-01-22T17:01:04","date_gmt":"2018-01-22T16:01:04","guid":{"rendered":"http:\/\/www.plcprog.hu\/plc\/?page_id=59"},"modified":"2018-02-08T19:11:58","modified_gmt":"2018-02-08T18:11:58","slug":"karbantartas-tamogatasa","status":"publish","type":"page","link":"https:\/\/www.plcprog.hu\/plc\/szolgaltatasok\/karbantartas-tamogatasa\/","title":{"rendered":"Karbantart\u00e1s t\u00e1mogat\u00e1sa"},"content":{"rendered":"<h3><strong>Karbantart\u00e1s t\u00e1mogat\u00e1sa \u00e9s karbantart\u00e1si tan\u00e1csad\u00e1s<\/strong><\/h3>\n<p><img loading=\"lazy\" decoding=\"async\" class=\"alignright wp-image-133 size-medium\" title=\"k\u00e9p\" src=\"https:\/\/www.plcprog.hu\/plc\/wp-content\/uploads\/2018\/01\/services-web-development-services-on-light-300x300.png\" alt=\"k\u00e9p\" width=\"300\" height=\"300\" srcset=\"https:\/\/www.plcprog.hu\/plc\/wp-content\/uploads\/2018\/01\/services-web-development-services-on-light-300x300.png 300w, https:\/\/www.plcprog.hu\/plc\/wp-content\/uploads\/2018\/01\/services-web-development-services-on-light-150x150.png 150w, https:\/\/www.plcprog.hu\/plc\/wp-content\/uploads\/2018\/01\/services-web-development-services-on-light.png 600w\" sizes=\"auto, (max-width: 300px) 100vw, 300px\" \/><\/p>\n<p>Vezet\u0151k\u00e9nt gyakran \u00e9rzi, hogy a karbant\u00e1s nem rendelkezik a megfelel\u0151 kompetenci\u00e1kkal, esetleger\u0151forr\u00e1s hi\u00e1nya \u00e1ll fenn?<\/p>\n<p>A karbantart\u00e1s mint ter\u00fclet k\u00f6lts\u00e9gei nagyon magasak? A szem\u00e9lyzet nem el\u00e9gedett \u00e9s nem tudja a megold\u00e1st? K\u00e9pz\u00e9sekre van sz\u00fcks\u00e9ge, \u00e9s nem tudja merre induljon?<\/p>\n<p><a href=\"https:\/\/www.plcprog.hu\/plc\/kapcsolat\/\">Keressen fel<\/a> \u00e9s tal\u00e1lunk megold\u00e1st.<\/p>\n<p>M\u0171szaki t\u00e1mogat\u00e1s a karbantart\u00e1s r\u00e9sz\u00e9re, ak\u00e1r eseti oktat\u00e1sokkal b\u0151v\u00edtve. Hat\u00e9kony <a href=\"http:\/\/www.sixsigma.hu\/sites\/default\/files\/publikacio\/CMMS%20FAA.pdf\">CMMS<\/a> rendszer a k\u00f6lts\u00e9gek \u00e9s a tervezett tev\u00e9kenys\u00e9gek fel\u00fcgyelet\u00e9re.<\/p>\n<p>Tervezett karbantart\u00e1sok hat\u00e9konys\u00e1g\u00e1nak elemz\u00e9se.<\/p>\n<p>P\u00f3talkatr\u00e9sz rakt\u00e1r fel\u00e9p\u00edt\u00e9s\u00e9ben \u00e9s \u00fczemeltet\u00e9sben t\u00e1mogat\u00e1s ny\u00fajt\u00e1sa.<\/p>\n","protected":false},"excerpt":{"rendered":"<p>Karbantart\u00e1s t\u00e1mogat\u00e1sa \u00e9s karbantart\u00e1si tan\u00e1csad\u00e1s Vezet\u0151k\u00e9nt gyakran \u00e9rzi, hogy a karbant\u00e1s nem rendelkezik a megfelel\u0151 kompetenci\u00e1kkal, esetleger\u0151forr\u00e1s hi\u00e1nya \u00e1ll fenn? A karbantart\u00e1s mint ter\u00fclet k\u00f6lts\u00e9gei nagyon magasak? A szem\u00e9lyzet nem el\u00e9gedett \u00e9s nem tudja a megold\u00e1st? K\u00e9pz\u00e9sekre van sz\u00fcks\u00e9ge, \u00e9s nem tudja merre induljon? Keressen fel \u00e9s tal\u00e1lunk megold\u00e1st. M\u0171szaki t\u00e1mogat\u00e1s a karbantart\u00e1s r\u00e9sz\u00e9re, ak\u00e1r &#8230; <a title=\"Karbantart\u00e1s t\u00e1mogat\u00e1sa\" class=\"read-more\" href=\"https:\/\/www.plcprog.hu\/plc\/szolgaltatasok\/karbantartas-tamogatasa\/\" aria-label=\"Read more about Karbantart\u00e1s t\u00e1mogat\u00e1sa\">Olvass tov\u00e1bb<\/a><\/p>\n","protected":false},"author":1,"featured_media":0,"parent":23,"menu_order":0,"comment_status":"closed","ping_status":"closed","template":"","meta":{"footnotes":""},"class_list":["post-59","page","type-page","status-publish"],"_links":{"self":[{"href":"https:\/\/www.plcprog.hu\/plc\/wp-json\/wp\/v2\/pages\/59","targetHints":{"allow":["GET"]}}],"collection":[{"href":"https:\/\/www.plcprog.hu\/plc\/wp-json\/wp\/v2\/pages"}],"about":[{"href":"https:\/\/www.plcprog.hu\/plc\/wp-json\/wp\/v2\/types\/page"}],"author":[{"embeddable":true,"href":"https:\/\/www.plcprog.hu\/plc\/wp-json\/wp\/v2\/users\/1"}],"replies":[{"embeddable":true,"href":"https:\/\/www.plcprog.hu\/plc\/wp-json\/wp\/v2\/comments?post=59"}],"version-history":[{"count":9,"href":"https:\/\/www.plcprog.hu\/plc\/wp-json\/wp\/v2\/pages\/59\/revisions"}],"predecessor-version":[{"id":224,"href":"https:\/\/www.plcprog.hu\/plc\/wp-json\/wp\/v2\/pages\/59\/revisions\/224"}],"up":[{"embeddable":true,"href":"https:\/\/www.plcprog.hu\/plc\/wp-json\/wp\/v2\/pages\/23"}],"wp:attachment":[{"href":"https:\/\/www.plcprog.hu\/plc\/wp-json\/wp\/v2\/media?parent=59"}],"curies":[{"name":"wp","href":"https:\/\/api.w.org\/{rel}","templated":true}]}}