{"id":42,"date":"2018-01-22T14:03:27","date_gmt":"2018-01-22T13:03:27","guid":{"rendered":"http:\/\/www.plcprog.hu\/plc\/?page_id=42"},"modified":"2020-09-23T08:10:03","modified_gmt":"2020-09-23T07:10:03","slug":"kezdooldal","status":"publish","type":"page","link":"https:\/\/www.plcprog.hu\/plc\/","title":{"rendered":"Kezd\u0151oldal"},"content":{"rendered":"<h2><strong>\u00dcdv\u00f6zl\u00f6m Kedves l\u00e1togat\u00f3 a PLCprog.hu oldalon!<\/strong><\/h2>\n<figure id=\"attachment_234\" aria-describedby=\"caption-attachment-234\" style=\"width: 290px\" class=\"wp-caption alignright\"><img loading=\"lazy\" decoding=\"async\" class=\"wp-image-234 size-medium\" src=\"https:\/\/www.plcprog.hu\/plc\/wp-content\/uploads\/2018\/02\/markus-spiske-507983-300x200.jpg\" alt=\"PLCprog\" width=\"300\" height=\"200\" srcset=\"https:\/\/www.plcprog.hu\/plc\/wp-content\/uploads\/2018\/02\/markus-spiske-507983-300x200.jpg 300w, https:\/\/www.plcprog.hu\/plc\/wp-content\/uploads\/2018\/02\/markus-spiske-507983-768x512.jpg 768w, https:\/\/www.plcprog.hu\/plc\/wp-content\/uploads\/2018\/02\/markus-spiske-507983-1024x683.jpg 1024w\" sizes=\"auto, (max-width: 300px) 100vw, 300px\" \/><figcaption id=\"caption-attachment-234\" class=\"wp-caption-text\">Photo by Markus Spiske on Unsplash<\/figcaption><\/figure>\n<h4>Ipari automatiz\u00e1l\u00e1s \u00e9s egyedi megold\u00e1sok azaz PLCprog.hu.<\/h4>\n<p>Napjainkban a fokoz\u00f3d\u00f3 szakember hi\u00e1ny \u00e9s a gy\u00e1rt\u00f3, termel\u0151 c\u00e9gek folyamatos fejl\u0151d\u00e9se ok\u00e1n minden c\u00e9gnek sz\u00fcks\u00e9ge lehet egy <a href=\"https:\/\/hu.wikipedia.org\/wiki\/Programozhat%C3%B3_logikai_vez%C3%A9rl%C5%91\">PLC<\/a> programoz\u00f3ra, automatiz\u00e1l\u00e1si tan\u00e1csad\u00f3ra, illetve a <a href=\"https:\/\/www.plcprog.hu\/plc\/szolgaltatasok\/karbantartas-tamogatasa\/\">karbantart\u00e1s t\u00e1mogat\u00e1s\u00e1ra<\/a>, karbantart\u00e1si tan\u00e1csad\u00e1sra. A PLCprog.hu \u00e9ppen ez\u00e9rt sz\u00fcletett.<\/p>\n<p>V\u00e1llalkoz\u00e1som a <a href=\"https:\/\/www.plcprog.hu\/plc\/plc-programozas\/\" target=\"_blank\" rel=\"noopener noreferrer\">PLC programoz\u00e1s<\/a> , <a href=\"https:\/\/www.plcprog.hu\/plc\/uj-szolgaltatas-plc-ugyeleti-szolgaltatas\/\" target=\"_blank\" rel=\"noopener noreferrer\">PLC \u00fcgyeleti szolg\u00e1ltat\u00e1s<\/a>\u00a0, <a href=\"https:\/\/www.plcprog.hu\/plc\/hmi-programozas\/\" target=\"_blank\" rel=\"noopener noreferrer\">HMI programoz\u00e1s<\/a>, illetve a <a href=\"https:\/\/www.plcprog.hu\/plc\/szolgaltatasok\/karbantartas-tamogatasa\/\" target=\"_blank\" rel=\"noopener noreferrer\">karbantart\u00e1si probl\u00e9m\u00e1k<\/a> megold\u00e1sa sor\u00e1n tud seg\u00edteni \u00d6nnek.<\/p>\n<p>K\u00e9rem b\u00e1rmi k\u00e9rd\u00e9se mer\u00fclne fel, keressen a megadott <a href=\"https:\/\/www.plcprog.hu\/plc\/kapcsolat\/\" target=\"_blank\" rel=\"noopener noreferrer\">el\u00e9rhet\u0151s\u00e9gek<\/a> b\u00e1rmelyik\u00e9n.<\/p>\n","protected":false},"excerpt":{"rendered":"<p>\u00dcdv\u00f6zl\u00f6m Kedves l\u00e1togat\u00f3 a PLCprog.hu oldalon! Ipari automatiz\u00e1l\u00e1s \u00e9s egyedi megold\u00e1sok azaz PLCprog.hu. Napjainkban a fokoz\u00f3d\u00f3 szakember hi\u00e1ny \u00e9s a gy\u00e1rt\u00f3, termel\u0151 c\u00e9gek folyamatos fejl\u0151d\u00e9se ok\u00e1n minden c\u00e9gnek sz\u00fcks\u00e9ge lehet egy PLC programoz\u00f3ra, automatiz\u00e1l\u00e1si tan\u00e1csad\u00f3ra, illetve a karbantart\u00e1s t\u00e1mogat\u00e1s\u00e1ra, karbantart\u00e1si tan\u00e1csad\u00e1sra. A PLCprog.hu \u00e9ppen ez\u00e9rt sz\u00fcletett. V\u00e1llalkoz\u00e1som a PLC programoz\u00e1s , PLC \u00fcgyeleti szolg\u00e1ltat\u00e1s\u00a0, HMI &#8230; <a title=\"Kezd\u0151oldal\" class=\"read-more\" href=\"https:\/\/www.plcprog.hu\/plc\/\" aria-label=\"Read more about Kezd\u0151oldal\">Olvass tov\u00e1bb<\/a><\/p>\n","protected":false},"author":1,"featured_media":0,"parent":0,"menu_order":0,"comment_status":"closed","ping_status":"closed","template":"","meta":{"footnotes":""},"class_list":["post-42","page","type-page","status-publish"],"_links":{"self":[{"href":"https:\/\/www.plcprog.hu\/plc\/wp-json\/wp\/v2\/pages\/42","targetHints":{"allow":["GET"]}}],"collection":[{"href":"https:\/\/www.plcprog.hu\/plc\/wp-json\/wp\/v2\/pages"}],"about":[{"href":"https:\/\/www.plcprog.hu\/plc\/wp-json\/wp\/v2\/types\/page"}],"author":[{"embeddable":true,"href":"https:\/\/www.plcprog.hu\/plc\/wp-json\/wp\/v2\/users\/1"}],"replies":[{"embeddable":true,"href":"https:\/\/www.plcprog.hu\/plc\/wp-json\/wp\/v2\/comments?post=42"}],"version-history":[{"count":8,"href":"https:\/\/www.plcprog.hu\/plc\/wp-json\/wp\/v2\/pages\/42\/revisions"}],"predecessor-version":[{"id":285,"href":"https:\/\/www.plcprog.hu\/plc\/wp-json\/wp\/v2\/pages\/42\/revisions\/285"}],"wp:attachment":[{"href":"https:\/\/www.plcprog.hu\/plc\/wp-json\/wp\/v2\/media?parent=42"}],"curies":[{"name":"wp","href":"https:\/\/api.w.org\/{rel}","templated":true}]}}