{"id":24,"date":"2018-01-22T13:43:24","date_gmt":"2018-01-22T12:43:24","guid":{"rendered":"http:\/\/www.plcprog.hu\/plc\/?page_id=24"},"modified":"2018-01-22T17:16:39","modified_gmt":"2018-01-22T16:16:39","slug":"kapcsolat","status":"publish","type":"page","link":"https:\/\/www.plcprog.hu\/plc\/kapcsolat\/","title":{"rendered":"Kapcsolat"},"content":{"rendered":"<p>[contact-form-7 id=&#8221;47&#8243; title=&#8221;1 kapcsolati \u0171rlap&#8221;]<\/p>\n<p>&nbsp;<\/p>\n<p>info@plcprog.hu<\/p>\n<p>H-3013 Ecs\u00e9d<\/p>\n<p>Arany J\u00e1nos utca 8.<\/p>\n","protected":false},"excerpt":{"rendered":"<p>[contact-form-7 id=&#8221;47&#8243; title=&#8221;1 kapcsolati \u0171rlap&#8221;] &nbsp; info@plcprog.hu H-3013 Ecs\u00e9d Arany J\u00e1nos utca 8.<\/p>\n","protected":false},"author":1,"featured_media":0,"parent":0,"menu_order":0,"comment_status":"closed","ping_status":"closed","template":"","meta":{"footnotes":""},"class_list":["post-24","page","type-page","status-publish"],"_links":{"self":[{"href":"https:\/\/www.plcprog.hu\/plc\/wp-json\/wp\/v2\/pages\/24","targetHints":{"allow":["GET"]}}],"collection":[{"href":"https:\/\/www.plcprog.hu\/plc\/wp-json\/wp\/v2\/pages"}],"about":[{"href":"https:\/\/www.plcprog.hu\/plc\/wp-json\/wp\/v2\/types\/page"}],"author":[{"embeddable":true,"href":"https:\/\/www.plcprog.hu\/plc\/wp-json\/wp\/v2\/users\/1"}],"replies":[{"embeddable":true,"href":"https:\/\/www.plcprog.hu\/plc\/wp-json\/wp\/v2\/comments?post=24"}],"version-history":[{"count":6,"href":"https:\/\/www.plcprog.hu\/plc\/wp-json\/wp\/v2\/pages\/24\/revisions"}],"predecessor-version":[{"id":68,"href":"https:\/\/www.plcprog.hu\/plc\/wp-json\/wp\/v2\/pages\/24\/revisions\/68"}],"wp:attachment":[{"href":"https:\/\/www.plcprog.hu\/plc\/wp-json\/wp\/v2\/media?parent=24"}],"curies":[{"name":"wp","href":"https:\/\/api.w.org\/{rel}","templated":true}]}}