{"id":23,"date":"2018-01-22T13:43:23","date_gmt":"2018-01-22T12:43:23","guid":{"rendered":"http:\/\/www.plcprog.hu\/plc\/?page_id=23"},"modified":"2018-02-09T19:01:17","modified_gmt":"2018-02-09T18:01:17","slug":"szolgaltatasok","status":"publish","type":"page","link":"https:\/\/www.plcprog.hu\/plc\/szolgaltatasok\/","title":{"rendered":"Szolg\u00e1ltat\u00e1sok"},"content":{"rendered":"<p><strong>PLC \u00e9s HMI programoz\u00e1s<\/strong><\/p>\n<p>PLC hibakeres\u00e9s, m\u00f3dos\u00edt\u00e1s, \u00e9s program jav\u00edt\u00e1s, HMI k\u00e9perny\u0151k fejleszt\u00e9se. <a href=\"https:\/\/www.plcprog.hu\/plc\/?page_id=57\">B\u0151vebben<\/a><\/p>\n<p><strong>Karbantart\u00e1s t\u00e1mogat\u00e1s \u00e9s karbantart\u00e1si tan\u00e1csad\u00e1s<\/strong><\/p>\n<p>Karbantart\u00f3k m\u0171szaki t\u00e1mogat\u00e1sa, k\u00e9pz\u00e9sek szervez\u00e9se&#8230;. <a href=\"https:\/\/www.plcprog.hu\/plc\/?page_id=59\">B\u0151vebben<\/a><\/p>\n<p><strong>\u00dajdons\u00e1g!<\/strong><strong> PLC fut\u00e1r szolg\u00e1ltat\u00e1s<\/strong><\/p>\n<p>T\u00f6krement, meghib\u00e1sodott alkatr\u00e9szek beszerz\u00e9se, cser\u00e9je. <a href=\"https:\/\/www.plcprog.hu\/plc\/?page_id=61\">B\u0151vebben<\/a><\/p>\n<h4><strong>PLC \u00fcgyeleti szolg\u00e1ltat\u00e1s<\/strong><\/h4>\n<p>PLC \u00fcgyeleti szolg\u00e1ltat\u00e1s el\u00e9rhet\u0151 t\u00e1vfel\u00fcgyeleti rendszerben is illetve helysz\u00edni t\u00e1mogat\u00e1ssal is. <a href=\"https:\/\/www.plcprog.hu\/plc\/ugyelet\/\">B\u0151vebben<\/a><\/p>\n<p><img loading=\"lazy\" decoding=\"async\" src=\"https:\/\/www.plcprog.hu\/plc\/wp-content\/uploads\/2018\/01\/services-web-development-services-on-light-300x300.png\" sizes=\"auto, (max-width: 300px) 100vw, 300px\" srcset=\"https:\/\/i0.wp.com\/www.plcprog.hu\/plc\/wp-content\/uploads\/2018\/01\/services-web-development-services-on-light.png?resize=300%2C300 300w, https:\/\/i0.wp.com\/www.plcprog.hu\/plc\/wp-content\/uploads\/2018\/01\/services-web-development-services-on-light.png?resize=150%2C150 150w, https:\/\/i0.wp.com\/www.plcprog.hu\/plc\/wp-content\/uploads\/2018\/01\/services-web-development-services-on-light.png?w=600 600w\" alt=\"\" width=\"300\" height=\"300\" \/><\/p>\n<h2>Tov\u00e1bbi szolg\u00e1ltat\u00e1sok:<\/h2>\n<p>Kamera \u00e9s megfigyel\u0151 rendszerek telep\u00edt\u00e9se<\/p>\n<p>Ipari h\u00e1l\u00f3zatok (WiFi \u00e9s Lan) ki\u00e9p\u00edt\u00e9se, fel\u00fcgyelete<\/p>\n<p>\u00c9p\u00fclet automatiz\u00e1l\u00e1si rendszerek telep\u00edt\u00e9se, konfigur\u00e1l\u00e1sa<\/p>\n","protected":false},"excerpt":{"rendered":"<p>PLC \u00e9s HMI programoz\u00e1s PLC hibakeres\u00e9s, m\u00f3dos\u00edt\u00e1s, \u00e9s program jav\u00edt\u00e1s, HMI k\u00e9perny\u0151k fejleszt\u00e9se. B\u0151vebben Karbantart\u00e1s t\u00e1mogat\u00e1s \u00e9s karbantart\u00e1si tan\u00e1csad\u00e1s Karbantart\u00f3k m\u0171szaki t\u00e1mogat\u00e1sa, k\u00e9pz\u00e9sek szervez\u00e9se&#8230;. B\u0151vebben \u00dajdons\u00e1g! PLC fut\u00e1r szolg\u00e1ltat\u00e1s T\u00f6krement, meghib\u00e1sodott alkatr\u00e9szek beszerz\u00e9se, cser\u00e9je. B\u0151vebben PLC \u00fcgyeleti szolg\u00e1ltat\u00e1s PLC \u00fcgyeleti szolg\u00e1ltat\u00e1s el\u00e9rhet\u0151 t\u00e1vfel\u00fcgyeleti rendszerben is illetve helysz\u00edni t\u00e1mogat\u00e1ssal is. B\u0151vebben Tov\u00e1bbi szolg\u00e1ltat\u00e1sok: Kamera \u00e9s megfigyel\u0151 &#8230; <a title=\"Szolg\u00e1ltat\u00e1sok\" class=\"read-more\" href=\"https:\/\/www.plcprog.hu\/plc\/szolgaltatasok\/\" aria-label=\"Read more about Szolg\u00e1ltat\u00e1sok\">Olvass tov\u00e1bb<\/a><\/p>\n","protected":false},"author":1,"featured_media":0,"parent":0,"menu_order":0,"comment_status":"closed","ping_status":"closed","template":"","meta":{"footnotes":""},"class_list":["post-23","page","type-page","status-publish"],"_links":{"self":[{"href":"https:\/\/www.plcprog.hu\/plc\/wp-json\/wp\/v2\/pages\/23","targetHints":{"allow":["GET"]}}],"collection":[{"href":"https:\/\/www.plcprog.hu\/plc\/wp-json\/wp\/v2\/pages"}],"about":[{"href":"https:\/\/www.plcprog.hu\/plc\/wp-json\/wp\/v2\/types\/page"}],"author":[{"embeddable":true,"href":"https:\/\/www.plcprog.hu\/plc\/wp-json\/wp\/v2\/users\/1"}],"replies":[{"embeddable":true,"href":"https:\/\/www.plcprog.hu\/plc\/wp-json\/wp\/v2\/comments?post=23"}],"version-history":[{"count":11,"href":"https:\/\/www.plcprog.hu\/plc\/wp-json\/wp\/v2\/pages\/23\/revisions"}],"predecessor-version":[{"id":249,"href":"https:\/\/www.plcprog.hu\/plc\/wp-json\/wp\/v2\/pages\/23\/revisions\/249"}],"wp:attachment":[{"href":"https:\/\/www.plcprog.hu\/plc\/wp-json\/wp\/v2\/media?parent=23"}],"curies":[{"name":"wp","href":"https:\/\/api.w.org\/{rel}","templated":true}]}}