{"id":206,"date":"2018-02-08T18:50:48","date_gmt":"2018-02-08T17:50:48","guid":{"rendered":"http:\/\/www.plcprog.hu\/plc\/?page_id=206"},"modified":"2020-09-23T07:23:52","modified_gmt":"2020-09-23T06:23:52","slug":"ugyelet","status":"publish","type":"page","link":"https:\/\/www.plcprog.hu\/plc\/ugyelet\/","title":{"rendered":"\u00dcgyelet"},"content":{"rendered":"<h3><strong>A PLC \u00fcgyeleti szolg\u00e1ltat\u00e1s.<\/strong><\/h3>\n<p><em>Szeretne nyugodtan aludni \u00e9jszak\u00e1nk\u00e9nt? Esetleg szeretn\u00e9 a h\u00e9tv\u00e9g\u00e9t nyugodtan a csal\u00e1dj\u00e1val vagy bar\u00e1taival elt\u00f6lteni? Koll\u00e9g\u00e1i t\u00falterheltek, esetleg nincs saj\u00e1t programoz\u00f3ja?<\/em><\/p>\n<p><strong>Mi seg\u00edt\u00fcnk ebben. Alkalmi vagy ak\u00e1r folyamatos <a href=\"https:\/\/www.plcprog.hu\/plc\/plc-programozas\/\">PLC<\/a> \u00fcgyeleti szolg\u00e1ltat\u00e1s. Az \u00e9rtes\u00edt\u00e9st\u0151l sz\u00e1mitott gyors beavatkoz\u00e1s <a href=\"https:\/\/hu.wikipedia.org\/wiki\/T%C3%A1vfel%C3%BCgyelet\">t\u00e1vfel\u00fcgyeleten<\/a> kereszt\u00fcl, valamint ig\u00e9ny eset\u00e9n kisz\u00e1ll\u00e1ssal is.<\/strong><\/p>\n<p>\u00a0<\/p>\n<p><span style=\"font-size: 14pt;\"><strong>Mi\u00e9rt v\u00e1lasszon minket?<\/strong><\/span><\/p>\n<p><strong>Pr\u00e9mium<\/strong> szolg\u00e1ltat\u00e1s megfizethet\u0151 \u00e1ron.<\/p>\n<p>Jogosan mer\u00fcl fel a k\u00e9rd\u00e9s, hogy mi lehet pr\u00e9mium egy \u00fcgyeleti szolg\u00e1ltat\u00e1sban.<\/p>\n<p>Az al\u00e1bbi folyamat\u00e1bra seg\u00edthet meg\u00e9rteni.<\/p>\n<p><img loading=\"lazy\" decoding=\"async\" class=\"alignnone wp-image-213 size-large\" src=\"https:\/\/www.plcprog.hu\/plc\/wp-content\/uploads\/2018\/02\/folyamat\u00e1bra-1-1024x574.png\" alt=\"\" width=\"1024\" height=\"574\" srcset=\"https:\/\/www.plcprog.hu\/plc\/wp-content\/uploads\/2018\/02\/folyamat\u00e1bra-1-1024x574.png 1024w, https:\/\/www.plcprog.hu\/plc\/wp-content\/uploads\/2018\/02\/folyamat\u00e1bra-1-300x168.png 300w, https:\/\/www.plcprog.hu\/plc\/wp-content\/uploads\/2018\/02\/folyamat\u00e1bra-1-768x431.png 768w, https:\/\/www.plcprog.hu\/plc\/wp-content\/uploads\/2018\/02\/folyamat\u00e1bra-1.png 1052w\" sizes=\"auto, (max-width: 1024px) 100vw, 1024px\" \/><\/p>\n<p>\u00a0<\/p>\n<p>Kiemelt partnereink r\u00e9sz\u00e9re a t\u00e9ves \u00e9rtes\u00edt\u00e9s \u00e9s kisz\u00e1ll\u00e1s elsz\u00e1mol\u00e1sra nem kerel\u00fcl. Csak a t\u00e9nyleges munkav\u00e9gz\u00e9s ker\u00fcl kisz\u00e1ml\u00e1z\u00e1sra.<\/p>\n<p>\u00a0<\/p>\n\n","protected":false},"excerpt":{"rendered":"<p>A PLC \u00fcgyeleti szolg\u00e1ltat\u00e1s. Szeretne nyugodtan aludni \u00e9jszak\u00e1nk\u00e9nt? Esetleg szeretn\u00e9 a h\u00e9tv\u00e9g\u00e9t nyugodtan a csal\u00e1dj\u00e1val vagy bar\u00e1taival elt\u00f6lteni? Koll\u00e9g\u00e1i t\u00falterheltek, esetleg nincs saj\u00e1t programoz\u00f3ja? Mi seg\u00edt\u00fcnk ebben. Alkalmi vagy ak\u00e1r folyamatos PLC \u00fcgyeleti szolg\u00e1ltat\u00e1s. Az \u00e9rtes\u00edt\u00e9st\u0151l sz\u00e1mitott gyors beavatkoz\u00e1s t\u00e1vfel\u00fcgyeleten kereszt\u00fcl, valamint ig\u00e9ny eset\u00e9n kisz\u00e1ll\u00e1ssal is. \u00a0 Mi\u00e9rt v\u00e1lasszon minket? Pr\u00e9mium szolg\u00e1ltat\u00e1s megfizethet\u0151 \u00e1ron. Jogosan &#8230; <a title=\"\u00dcgyelet\" class=\"read-more\" href=\"https:\/\/www.plcprog.hu\/plc\/ugyelet\/\" aria-label=\"Read more about \u00dcgyelet\">Olvass tov\u00e1bb<\/a><\/p>\n","protected":false},"author":1,"featured_media":0,"parent":0,"menu_order":0,"comment_status":"closed","ping_status":"closed","template":"","meta":{"footnotes":""},"class_list":["post-206","page","type-page","status-publish"],"_links":{"self":[{"href":"https:\/\/www.plcprog.hu\/plc\/wp-json\/wp\/v2\/pages\/206","targetHints":{"allow":["GET"]}}],"collection":[{"href":"https:\/\/www.plcprog.hu\/plc\/wp-json\/wp\/v2\/pages"}],"about":[{"href":"https:\/\/www.plcprog.hu\/plc\/wp-json\/wp\/v2\/types\/page"}],"author":[{"embeddable":true,"href":"https:\/\/www.plcprog.hu\/plc\/wp-json\/wp\/v2\/users\/1"}],"replies":[{"embeddable":true,"href":"https:\/\/www.plcprog.hu\/plc\/wp-json\/wp\/v2\/comments?post=206"}],"version-history":[{"count":6,"href":"https:\/\/www.plcprog.hu\/plc\/wp-json\/wp\/v2\/pages\/206\/revisions"}],"predecessor-version":[{"id":282,"href":"https:\/\/www.plcprog.hu\/plc\/wp-json\/wp\/v2\/pages\/206\/revisions\/282"}],"wp:attachment":[{"href":"https:\/\/www.plcprog.hu\/plc\/wp-json\/wp\/v2\/media?parent=206"}],"curies":[{"name":"wp","href":"https:\/\/api.w.org\/{rel}","templated":true}]}}