{"id":194,"date":"2018-02-08T09:39:58","date_gmt":"2018-02-08T08:39:58","guid":{"rendered":"http:\/\/www.plcprog.hu\/plc\/?page_id=194"},"modified":"2018-02-08T10:30:58","modified_gmt":"2018-02-08T09:30:58","slug":"scada-rendszerek","status":"publish","type":"page","link":"https:\/\/www.plcprog.hu\/plc\/scada-rendszerek\/","title":{"rendered":"Scada rendszerek"},"content":{"rendered":"<h3>Scada sz\u00f3 jelent\u00e9se:\u00a0\u00a0<span class=\"emphasis\"><em>S<\/em><\/span>upervisory\u00a0<span class=\"emphasis\"><em>c<\/em><\/span>ontrol <i>a<\/i>nd\u00a0<span class=\"emphasis\"><em>d<\/em><\/span>ata <i>a<\/i>cquisition (fel\u00fcgyeleti szab\u00e1lyoz\u00e1s \u00e9s adatgy\u0171jt\u00e9s)\u00a0 \u00a0<img loading=\"lazy\" decoding=\"async\" class=\"size-medium wp-image-195 alignright\" src=\"https:\/\/www.plcprog.hu\/plc\/wp-content\/uploads\/2018\/02\/ics-scada-300x181.jpg\" alt=\"\" width=\"300\" height=\"181\" \/><\/h3>\n<p>-val\u00f3s idej\u0171 termel\u00e9si adatok<\/p>\n<p>-azonnali trendek \u00e9s kimutat\u00e1sok<\/p>\n<p>-az adatgy\u00fcjt\u00e9s seg\u00edts\u00e9g\u00e9vel ak\u00e1r visszamen\u0151leg is ellen\u0151rizheti a termel\u00e9si adatokat<\/p>\n<p>-felhaszn\u00e1l\u00f3i param\u00e9ter m\u00f3dos\u00edt\u00e1sok nyomonk\u00f6vethet\u0151s\u00e9ge<\/p>\n<p>-ak\u00e1r t\u00e1voli el\u00e9r\u00e9ssel is, \u00edgy ak\u00e1r \u00fczleti \u00faton van, ak\u00e1r az otthon\u00e1ban tart\u00f3zkodik, figyelemmel kis\u00e9rheti az adatokat.<\/p>\n<p>&nbsp;<\/p>\n<p>Egy angol nyelv\u0171 ismertet\u0151 a Scada rendszerekr\u0151l:<\/p>\n<p><iframe loading=\"lazy\" src=\"https:\/\/www.youtube.com\/embed\/pWIe2T-QAE8\" width=\"600\" height=\"338\" frameborder=\"0\" allowfullscreen=\"allowfullscreen\"><\/iframe><\/p>\n","protected":false},"excerpt":{"rendered":"<p>Scada sz\u00f3 jelent\u00e9se:\u00a0\u00a0Supervisory\u00a0control and\u00a0data acquisition (fel\u00fcgyeleti szab\u00e1lyoz\u00e1s \u00e9s adatgy\u0171jt\u00e9s)\u00a0 \u00a0 -val\u00f3s idej\u0171 termel\u00e9si adatok -azonnali trendek \u00e9s kimutat\u00e1sok -az adatgy\u00fcjt\u00e9s seg\u00edts\u00e9g\u00e9vel ak\u00e1r visszamen\u0151leg is ellen\u0151rizheti a termel\u00e9si adatokat -felhaszn\u00e1l\u00f3i param\u00e9ter m\u00f3dos\u00edt\u00e1sok nyomonk\u00f6vethet\u0151s\u00e9ge -ak\u00e1r t\u00e1voli el\u00e9r\u00e9ssel is, \u00edgy ak\u00e1r \u00fczleti \u00faton van, ak\u00e1r az otthon\u00e1ban tart\u00f3zkodik, figyelemmel kis\u00e9rheti az adatokat. &nbsp; Egy angol nyelv\u0171 ismertet\u0151 a &#8230; <a title=\"Scada rendszerek\" class=\"read-more\" href=\"https:\/\/www.plcprog.hu\/plc\/scada-rendszerek\/\" aria-label=\"Read more about Scada rendszerek\">Olvass tov\u00e1bb<\/a><\/p>\n","protected":false},"author":1,"featured_media":0,"parent":0,"menu_order":0,"comment_status":"closed","ping_status":"closed","template":"","meta":{"footnotes":""},"class_list":["post-194","page","type-page","status-publish"],"_links":{"self":[{"href":"https:\/\/www.plcprog.hu\/plc\/wp-json\/wp\/v2\/pages\/194","targetHints":{"allow":["GET"]}}],"collection":[{"href":"https:\/\/www.plcprog.hu\/plc\/wp-json\/wp\/v2\/pages"}],"about":[{"href":"https:\/\/www.plcprog.hu\/plc\/wp-json\/wp\/v2\/types\/page"}],"author":[{"embeddable":true,"href":"https:\/\/www.plcprog.hu\/plc\/wp-json\/wp\/v2\/users\/1"}],"replies":[{"embeddable":true,"href":"https:\/\/www.plcprog.hu\/plc\/wp-json\/wp\/v2\/comments?post=194"}],"version-history":[{"count":7,"href":"https:\/\/www.plcprog.hu\/plc\/wp-json\/wp\/v2\/pages\/194\/revisions"}],"predecessor-version":[{"id":203,"href":"https:\/\/www.plcprog.hu\/plc\/wp-json\/wp\/v2\/pages\/194\/revisions\/203"}],"wp:attachment":[{"href":"https:\/\/www.plcprog.hu\/plc\/wp-json\/wp\/v2\/media?parent=194"}],"curies":[{"name":"wp","href":"https:\/\/api.w.org\/{rel}","templated":true}]}}