{"id":184,"date":"2018-02-06T17:08:20","date_gmt":"2018-02-06T16:08:20","guid":{"rendered":"http:\/\/www.plcprog.hu\/plc\/?page_id=184"},"modified":"2018-02-09T19:26:36","modified_gmt":"2018-02-09T18:26:36","slug":"hmi-programozas","status":"publish","type":"page","link":"https:\/\/www.plcprog.hu\/plc\/hmi-programozas\/","title":{"rendered":"HMI programoz\u00e1s"},"content":{"rendered":"<h2><strong>HMI (oper\u00e1tor panelek) programoz\u00e1sa.\u00a0 \u00a0 \u00a0 \u00a0 \u00a0 \u00a0 \u00a0 \u00a0 \u00a0 \u00a0 \u00a0 \u00a0 \u00a0 <img loading=\"lazy\" decoding=\"async\" class=\"size-medium wp-image-229 alignleft\" src=\"https:\/\/www.plcprog.hu\/plc\/wp-content\/uploads\/2018\/02\/op1-257x300.jpg\" alt=\"\" width=\"257\" height=\"300\" srcset=\"https:\/\/www.plcprog.hu\/plc\/wp-content\/uploads\/2018\/02\/op1-257x300.jpg 257w, https:\/\/www.plcprog.hu\/plc\/wp-content\/uploads\/2018\/02\/op1.jpg 300w\" sizes=\"auto, (max-width: 257px) 100vw, 257px\" \/>\u00a0 \u00a0 \u00a0 \u00a0 \u00a0 \u00a0 \u00a0 \u00a0 \u00a0 \u00a0 \u00a0 \u00a0 \u00a0 \u00a0 \u00a0 \u00a0 \u00a0 \u00a0 \u00a0 \u00a0 \u00a0 \u00a0 \u00a0 \u00a0 \u00a0 \u00a0 \u00a0 \u00a0 \u00a0 \u00a0\u00a0<\/strong><\/h2>\n<p>&nbsp;<\/p>\n<p>Az oper\u00e1tor panelek (HMI) a g\u00e9p \u00e9s ember k\u00f6zti kapcsolatot hivatottak l\u00e9trehozni. Egy hib\u00e1san, illetve nem az ig\u00e9nyeknek megfelel\u0151 oper\u00e1tor panel kialak\u00edt\u00e1s megnehez\u00edti, sokszor lehetetlenn\u00e9 teszi a g\u00e9p kezel\u00e9s\u00e9t, a hibakeres\u00e9st, \u00e9s a z\u00f6kken\u0151 mentes term\u00e9kv\u00e1lt\u00e1st \u00e9s t\u00edpuscser\u00e9t.<\/p>\n<p>\u00c9ppen ez\u00e9rt kiemelten fontos, hogy az oper\u00e1tor panel megfelel\u0151 strukt\u00far\u00e1val, a helyi viszonyokat figyelembe v\u00e9ve legyen fel\u00e9p\u00edtve. Sz\u00e1mtalan esetben tal\u00e1lkozom nehezen kezelhet\u0151, nem felhaszn\u00e1l\u00f3 bar\u00e1t kialak\u00edt\u00e1ssal. A g\u00e9pkezel\u0151nek vagy g\u00e9pbe\u00e1ll\u00edt\u00f3nak, de olykor a karbantart\u00f3nak \u00e9s a programoz\u00f3nak is fejt\u00f6r\u00e9st okoz a g\u00e9pen t\u00f6rt\u00e9n\u0151 eligazod\u00e1s. A legt\u00f6bb ilyen esetben a hiba\u00fczenetek sem megfelel\u0151ek vagy nem \u00e9rthet\u0151ek. El\u00e9g gyakran tal\u00e1lkozom az oper\u00e1tor paneleken az \u201eonline ford\u00edt\u00e1s\u201d eredm\u00e9nyeivel. Ezek szint\u00e9n a kezel\u00e9s \u00e9s haszn\u00e1lat rov\u00e1s\u00e1ra mennek.<\/p>\n<p>&nbsp;<\/p>\n<p>&nbsp;<\/p>\n<h4>Mi\u00e9rt van ez \u00edgy? Jogos a k\u00e9rd\u00e9s.<\/h4>\n<ol>\n<li>Gyakran a berendez\u00e9s gy\u00e1rt\u00f3ja egy t\u00f6bb \u00e9ve \u201ebev\u00e1lt\u201d s\u00e9m\u00e1t haszn\u00e1l, \u00e9s azt nem, vagy csak borsos fel\u00e1r ellen\u00e9ben hajland\u00f3 fejleszteni. Ezt ha a gazdas\u00e1goss\u00e1got tekintj\u00fck \u00e9rthet\u0151 is.<\/li>\n<li>Olykor el\u0151fordul, hogy a berendez\u00e9s gy\u00e1rt\u00f3ja is k\u00fcls\u0151 programoz\u00f3 seg\u00edts\u00e9g\u00e9t k\u00e9ri a programok meg\u00edr\u00e1s\u00e1hoz. A programoz\u00f3 n\u00e9h\u00e1ny alap kit\u00e9telt megkap a munk\u00e1j\u00e1hoz, de nem ismeri a k\u00f6rnyezetet ahov\u00e1 a berendez\u00e9s ker\u00fcl, \u00e9s nem l\u00e9p kapcsolatba a megrendel\u0151vel sem. Ilyen \u00e9s ehhez hasonl\u00f3 esetekben egy \u201evalahogyan\u201d siker\u00fclt PLC programot \u00e9s hozz\u00e1 tartoz\u00f3 oper\u00e1tor panel fel\u00fcletet kap a megrendel\u0151.<\/li>\n<li>Az esetek t\u00f6bbs\u00e9g\u00e9ben anyagi megfontol\u00e1sb\u00f3l vagy figyelmetlens\u00e9gb\u0151l a megrendel\u0151 nem k\u00e9r t\u00e1mogat\u00e1st a berendez\u00e9s specifik\u00e1ci\u00f3j\u00e1nak meghat\u00e1roz\u00e1skor. Sz\u00e1mtalan esetben tapasztaltam, hogy a megrendel\u0151 \u00e1llom\u00e1ny\u00e1ban ugyan volt PLC programoz\u00f3, de egy \u00faj berendez\u00e9s megrendel\u00e9se eset\u00e9n m\u00e9gsem egyeztettek vele. Ezek el\u00e9g komoly probl\u00e9m\u00e1kat eredm\u00e9nyeznek a k\u00e9s\u0151bbiekben. Nagyon fontos a berendez\u00e9s specifik\u00e1ci\u00f3 elk\u00e9sz\u00edt\u00e9sekor a programoz\u00e1sra k\u00fcl\u00f6n kit\u00e9rni. Nem csak az oper\u00e1tor panelek fel\u00e9p\u00edt\u00e9se, de a PLC programoz\u00e1s eset\u00e9n is. (err\u0151l b\u0151vebben itt olvashatnak)<\/li>\n<\/ol>\n<p>&nbsp;<\/p>\n<p>Megold\u00e1s: Amennyiben m\u00e9g nem rendelte meg a berendez\u00e9st, mindenk\u00e9ppen javaslom, hogy konzult\u00e1ljon egy <a href=\"https:\/\/www.plcprog.hu\/plc\/kapcsolat\/\">PLC programoz\u00f3val<\/a>, hiszen hossz\u00fat\u00e1von csak profit\u00e1lhat bel\u0151le. Esetlegesen ha a berendez\u00e9s beszerz\u00e9se m\u00e1r megt\u00f6rt\u00e9nt, de a berendez\u00e9st haszn\u00e1l\u00f3k (g\u00e9pkezel\u0151k, g\u00e9pbe\u00e1ll\u00edt\u00f3k) nem el\u00e9gedettek a kezelhet\u0151s\u00e9ggel, illetve \u00e1tl\u00e1that\u00f3s\u00e1ggal, \u00e9rdemes ut\u00f3lag is beavatkozni, \u00e9s \u00e1talak\u00edtani az oper\u00e1tor panelek strukt\u00far\u00e1j\u00e1t. Ezzel nagyban seg\u00edtheti a koll\u00e9g\u00e1i illetve alkalmazottjai munk\u00e1j\u00e1t.<\/p>\n","protected":false},"excerpt":{"rendered":"<p>HMI (oper\u00e1tor panelek) programoz\u00e1sa.\u00a0 \u00a0 \u00a0 \u00a0 \u00a0 \u00a0 \u00a0 \u00a0 \u00a0 \u00a0 \u00a0 \u00a0 \u00a0 \u00a0 \u00a0 \u00a0 \u00a0 \u00a0 \u00a0 \u00a0 \u00a0 \u00a0 \u00a0 \u00a0 \u00a0 \u00a0 \u00a0 \u00a0 \u00a0 \u00a0 \u00a0 \u00a0 \u00a0 \u00a0 \u00a0 \u00a0 \u00a0 \u00a0 \u00a0 \u00a0 \u00a0 \u00a0 \u00a0\u00a0 &nbsp; Az oper\u00e1tor panelek (HMI) a g\u00e9p \u00e9s ember &#8230; <a title=\"HMI programoz\u00e1s\" class=\"read-more\" href=\"https:\/\/www.plcprog.hu\/plc\/hmi-programozas\/\" aria-label=\"Read more about HMI programoz\u00e1s\">Olvass tov\u00e1bb<\/a><\/p>\n","protected":false},"author":1,"featured_media":0,"parent":0,"menu_order":0,"comment_status":"closed","ping_status":"closed","template":"","meta":{"footnotes":""},"class_list":["post-184","page","type-page","status-publish"],"_links":{"self":[{"href":"https:\/\/www.plcprog.hu\/plc\/wp-json\/wp\/v2\/pages\/184","targetHints":{"allow":["GET"]}}],"collection":[{"href":"https:\/\/www.plcprog.hu\/plc\/wp-json\/wp\/v2\/pages"}],"about":[{"href":"https:\/\/www.plcprog.hu\/plc\/wp-json\/wp\/v2\/types\/page"}],"author":[{"embeddable":true,"href":"https:\/\/www.plcprog.hu\/plc\/wp-json\/wp\/v2\/users\/1"}],"replies":[{"embeddable":true,"href":"https:\/\/www.plcprog.hu\/plc\/wp-json\/wp\/v2\/comments?post=184"}],"version-history":[{"count":6,"href":"https:\/\/www.plcprog.hu\/plc\/wp-json\/wp\/v2\/pages\/184\/revisions"}],"predecessor-version":[{"id":251,"href":"https:\/\/www.plcprog.hu\/plc\/wp-json\/wp\/v2\/pages\/184\/revisions\/251"}],"wp:attachment":[{"href":"https:\/\/www.plcprog.hu\/plc\/wp-json\/wp\/v2\/media?parent=184"}],"curies":[{"name":"wp","href":"https:\/\/api.w.org\/{rel}","templated":true}]}}