{"id":182,"date":"2018-02-06T17:06:52","date_gmt":"2018-02-06T16:06:52","guid":{"rendered":"http:\/\/www.plcprog.hu\/plc\/?page_id=182"},"modified":"2018-02-08T19:44:41","modified_gmt":"2018-02-08T18:44:41","slug":"plc-programozas","status":"publish","type":"page","link":"https:\/\/www.plcprog.hu\/plc\/plc-programozas\/","title":{"rendered":"PLC programoz\u00e1s"},"content":{"rendered":"<p><strong>PLC programoz\u00e1s.\u00a0 \u00a0 \u00a0 \u00a0 \u00a0 \u00a0 \u00a0 \u00a0 \u00a0 \u00a0 \u00a0 \u00a0 \u00a0 \u00a0 \u00a0 \u00a0 \u00a0 \u00a0 \u00a0 \u00a0 \u00a0 \u00a0 \u00a0 \u00a0 \u00a0 \u00a0 \u00a0 \u00a0 \u00a0 \u00a0 \u00a0 \u00a0 \u00a0 \u00a0 \u00a0 \u00a0 \u00a0 \u00a0 \u00a0 \u00a0 \u00a0 \u00a0 \u00a0 \u00a0 \u00a0 \u00a0 \u00a0 \u00a0 \u00a0 \u00a0 \u00a0 \u00a0 \u00a0 \u00a0 \u00a0 \u00a0 \u00a0 \u00a0 \u00a0 \u00a0 \u00a0 \u00a0 \u00a0 \u00a0 \u00a0 \u00a0 \u00a0 \u00a0 \u00a0 \u00a0 \u00a0\u00a0<img loading=\"lazy\" decoding=\"async\" class=\"size-medium wp-image-173 alignleft\" src=\"https:\/\/www.plcprog.hu\/plc\/wp-content\/uploads\/2018\/02\/SiemensLogo-300x185.jpg\" alt=\"\" width=\"300\" height=\"185\" srcset=\"https:\/\/www.plcprog.hu\/plc\/wp-content\/uploads\/2018\/02\/SiemensLogo-300x185.jpg 300w, https:\/\/www.plcprog.hu\/plc\/wp-content\/uploads\/2018\/02\/SiemensLogo.jpg 406w\" sizes=\"auto, (max-width: 300px) 100vw, 300px\" \/><\/strong><\/p>\n<p>&nbsp;<\/p>\n<p>A PLC jelent\u00e9se: a programozhat\u00f3 logikai vez\u00e9rl\u0151. A legt\u00f6bb automata vagy f\u00e9lautomata berendez\u00e9s m\u0171k\u00f6dtet\u0151 egys\u00e9ge PLC. A PLC el\u00e9g sok ipari gy\u00e1rt\u00f3 k\u00edn\u00e1lat\u00e1ban megtal\u00e1lhat\u00f3, a leggyakrabban haszn\u00e1lt PLC-k a <a href=\"http:\/\/www.siemens.com\">Siemens<\/a>, a <a href=\"https:\/\/www.schneider-electric.hu\/hu\/work\/products\/automation-and-control.jsp\">Schneider\/Telemecanique<\/a>, \u00e9s az <a href=\"https:\/\/omron.hu\">Omron<\/a> a teljess\u00e9g ig\u00e9nye n\u00e9lk\u00fcl. Napjainkban azonban egyre elterjedtebb a <a href=\"http:\/\/www.delta-americas.com\">Delta<\/a>, a <a href=\"http:\/\/www.vipa.com\">VIPA<\/a>, s\u0151t m\u00e9g a <a href=\"http:\/\/www.xinje.hu\/\">XINJE<\/a> PLC-k haszn\u00e1lata is. Sz\u00e1mtalan alkalommal teljesen felesleges egy projekt megval\u00f3s\u00edt\u00e1s\u00e1hoz a nagy nev\u0171 gy\u00e1rt\u00f3k dr\u00e1ga eszk\u00f6zeit haszn\u00e1lni, ha ugyanazt a feladatot egy olcs\u00f3bb, kev\u00e9sb\u00e9 h\u00edres nev\u0171 term\u00e9kkel is megoldhatjuk. A programoz\u00e1s, a programoz\u00e1si nyelvet tekintve t\u00f6rt\u00e9nhet l\u00e9tradiagramban (LAD), funkci\u00f3blokk diagramban(FBD), illetve struktur\u00e1lt nyelven (SCL) vagy utas\u00edt\u00e1slist\u00e1s nyelven(IL). Ritk\u00e1bb esetben a programoz\u00e1s GRAPH m\u00f3don t\u00f6rt\u00e9nik.<\/p>\n<p>Sok multinacion\u00e1lis v\u00e1llalat haszn\u00e1l programoz\u00e1si standardokat a v\u00e1llalatcsoporton bel\u00fcl. A standardokban meghat\u00e1rozz\u00e1k a program\u00edr\u00e1s nyelv\u00e9t, illetve egy\u00e9b szab\u00e1lyokat is hoznak.<\/p>\n<p>&nbsp;<\/p>\n<p>A leggyakrabban tapasztalt hib\u00e1k:<\/p>\n<p>-\u00e1tl\u00e1thatatlan, \u201efoltozott\u201d program. Ez azt jelenti, hogy a program tele van nem haszn\u00e1lt funkci\u00f3kkal, \u00e9s nagyon sok elem van benne feleslegesen. Ez \u00e1ltal\u00e1ban g\u00e9p funkci\u00f3 m\u00f3dos\u00edt\u00e1s ut\u00e1n, vagy g\u00e9p \u00e1t\u00e9p\u00edt\u00e9s ut\u00e1n tapasztalhat\u00f3. Ilyen esetben \u00e9rdemes a berendez\u00e9s teljes \u00fajra programoz\u00e1s\u00e1t mint lehet\u0151s\u00e9get sz\u00e1mba venni.<\/p>\n<p>-a programb\u00f3l kihagyj\u00e1k a hibakezel\u00e9st. Ilyenkor egy hiba bek\u00f6vetkez\u00e9se eset\u00e9n meg\u00e1ll a berendez\u00e9s, \u00e9s j\u00f3 esetben hiba\u00fczenetet k\u00fcld az oper\u00e1tor panelre(HMI). Rossz esetben m\u00e9g hiba\u00fczenet sem \u00e9rkezik, csup\u00e1n a berendez\u00e9s nem dolgozik tov\u00e1bb. Sajnos mindk\u00e9t esetb\u0151l sokkal tal\u00e1lkozni. Amennyiben m\u00e9g hiba\u00fczenet sem \u00e9rkezik, \u00fagy komoly kies\u00e9sekre lehet sz\u00e1m\u00edtani a berendez\u00e9s miatt. A kezel\u0151 szem\u00e9lyzet nem kap \u00e9rtes\u00edt\u00e9st a berendez\u00e9s hib\u00e1j\u00e1r\u00f3l \u00e9s csak \u201ev\u00e9letlen\u00fcl\u201d veszik \u00e9szre a berendez\u00e9s meg\u00e1ll\u00e1s\u00e1t. Ezen fel\u00fcl a hibakeres\u00e9s is szinte lehetetlen ebben az esetben, mivel a szem\u00e9lyzet azt sem tudja, hogy merre induljon a hib\u00e1t keresni. Sok esetben kihagyj\u00e1k a programb\u00f3l a hibakezel\u00e9st. Pedig egy j\u00f3l fel\u00e9p\u00edtett \u00e9s leprogramozott hibakezel\u0151 rendszer nagyon sok id\u0151t, \u00e9s ez\u00e1ltal p\u00e9nzt sp\u00f3rolhat meg. A hibakezel\u00e9s a fell\u00e9p\u0151 hib\u00e1kat hivatott orvosolni az automata folyamat k\u00f6zben, sokszor emberi beavatkoz\u00e1s n\u00e9lk\u00fcl.<\/p>\n<p>&nbsp;<\/p>\n<p><a href=\"https:\/\/www.plcprog.hu\/plc\/szolgaltatasok\/\">Vissza.<\/a><\/p>\n","protected":false},"excerpt":{"rendered":"<p>PLC programoz\u00e1s.\u00a0 \u00a0 \u00a0 \u00a0 \u00a0 \u00a0 \u00a0 \u00a0 \u00a0 \u00a0 \u00a0 \u00a0 \u00a0 \u00a0 \u00a0 \u00a0 \u00a0 \u00a0 \u00a0 \u00a0 \u00a0 \u00a0 \u00a0 \u00a0 \u00a0 \u00a0 \u00a0 \u00a0 \u00a0 \u00a0 \u00a0 \u00a0 \u00a0 \u00a0 \u00a0 \u00a0 \u00a0 \u00a0 \u00a0 \u00a0 \u00a0 \u00a0 \u00a0 \u00a0 \u00a0 \u00a0 \u00a0 \u00a0 \u00a0 \u00a0 \u00a0 \u00a0 \u00a0 \u00a0 &#8230; <a title=\"PLC programoz\u00e1s\" class=\"read-more\" href=\"https:\/\/www.plcprog.hu\/plc\/plc-programozas\/\" aria-label=\"Read more about PLC programoz\u00e1s\">Olvass tov\u00e1bb<\/a><\/p>\n","protected":false},"author":1,"featured_media":0,"parent":0,"menu_order":0,"comment_status":"closed","ping_status":"closed","template":"","meta":{"footnotes":""},"class_list":["post-182","page","type-page","status-publish"],"_links":{"self":[{"href":"https:\/\/www.plcprog.hu\/plc\/wp-json\/wp\/v2\/pages\/182","targetHints":{"allow":["GET"]}}],"collection":[{"href":"https:\/\/www.plcprog.hu\/plc\/wp-json\/wp\/v2\/pages"}],"about":[{"href":"https:\/\/www.plcprog.hu\/plc\/wp-json\/wp\/v2\/types\/page"}],"author":[{"embeddable":true,"href":"https:\/\/www.plcprog.hu\/plc\/wp-json\/wp\/v2\/users\/1"}],"replies":[{"embeddable":true,"href":"https:\/\/www.plcprog.hu\/plc\/wp-json\/wp\/v2\/comments?post=182"}],"version-history":[{"count":5,"href":"https:\/\/www.plcprog.hu\/plc\/wp-json\/wp\/v2\/pages\/182\/revisions"}],"predecessor-version":[{"id":228,"href":"https:\/\/www.plcprog.hu\/plc\/wp-json\/wp\/v2\/pages\/182\/revisions\/228"}],"wp:attachment":[{"href":"https:\/\/www.plcprog.hu\/plc\/wp-json\/wp\/v2\/media?parent=182"}],"curies":[{"name":"wp","href":"https:\/\/api.w.org\/{rel}","templated":true}]}}